{"id":1090,"date":"2024-05-26T22:37:02","date_gmt":"2024-05-26T20:37:02","guid":{"rendered":"https:\/\/kasentof.fr\/?page_id=1090"},"modified":"2025-01-13T12:13:40","modified_gmt":"2025-01-13T11:13:40","slug":"reservation-cayenne","status":"publish","type":"page","link":"https:\/\/kasentof.fr\/en\/reservation-cayenne\/","title":{"rendered":"Reservation Apartment Cayenne Montjoly"},"content":{"rendered":"<div data-elementor-type=\"wp-page\" data-elementor-id=\"1090\" class=\"elementor elementor-1090\">\n\t\t\t\t\t\t<section class=\"elementor-section elementor-top-section elementor-element elementor-element-6bb7ed6 elementor-section-height-min-height elementor-section-items-bottom elementor-section-boxed elementor-section-height-default\" data-id=\"6bb7ed6\" data-element_type=\"section\" data-settings=\"{&quot;background_background&quot;:&quot;classic&quot;,&quot;hoteller_ext_is_background_parallax&quot;:&quot;true&quot;,&quot;hoteller_ext_is_background_parallax_speed&quot;:{&quot;unit&quot;:&quot;px&quot;,&quot;size&quot;:0.1,&quot;sizes&quot;:[]},&quot;hoteller_ext_is_background_on_scroll&quot;:&quot;false&quot;}\">\n\t\t\t\t\t\t\t<div class=\"elementor-background-overlay\"><\/div>\n\t\t\t\t\t\t\t<div class=\"elementor-container elementor-column-gap-default\">\n\t\t\t\t\t<div class=\"elementor-column elementor-col-100 elementor-top-column elementor-element elementor-element-963f138\" data-id=\"963f138\" data-element_type=\"column\" data-settings=\"{&quot;hoteller_ext_is_smoove&quot;:&quot;true&quot;,&quot;hoteller_ext_smoove_duration&quot;:800,&quot;hoteller_ext_smoove_translatey&quot;:{&quot;unit&quot;:&quot;px&quot;,&quot;size&quot;:60,&quot;sizes&quot;:[]},&quot;hoteller_ext_link_sidemenu&quot;:&quot;false&quot;,&quot;hoteller_ext_link_fullmenu&quot;:&quot;false&quot;,&quot;hoteller_ext_link_closed_fullmenu&quot;:&quot;false&quot;,&quot;hoteller_ext_is_scrollme&quot;:&quot;false&quot;,&quot;hoteller_ext_smoove_disable&quot;:1,&quot;hoteller_ext_smoove_scalex&quot;:{&quot;unit&quot;:&quot;px&quot;,&quot;size&quot;:1,&quot;sizes&quot;:[]},&quot;hoteller_ext_smoove_scaley&quot;:{&quot;unit&quot;:&quot;px&quot;,&quot;size&quot;:1,&quot;sizes&quot;:[]},&quot;hoteller_ext_smoove_rotatex&quot;:{&quot;unit&quot;:&quot;px&quot;,&quot;size&quot;:0,&quot;sizes&quot;:[]},&quot;hoteller_ext_smoove_rotatey&quot;:{&quot;unit&quot;:&quot;px&quot;,&quot;size&quot;:0,&quot;sizes&quot;:[]},&quot;hoteller_ext_smoove_rotatez&quot;:{&quot;unit&quot;:&quot;px&quot;,&quot;size&quot;:0,&quot;sizes&quot;:[]},&quot;hoteller_ext_smoove_translatex&quot;:{&quot;unit&quot;:&quot;px&quot;,&quot;size&quot;:0,&quot;sizes&quot;:[]},&quot;hoteller_ext_smoove_translatez&quot;:{&quot;unit&quot;:&quot;px&quot;,&quot;size&quot;:0,&quot;sizes&quot;:[]},&quot;hoteller_ext_smoove_skewx&quot;:{&quot;unit&quot;:&quot;px&quot;,&quot;size&quot;:0,&quot;sizes&quot;:[]},&quot;hoteller_ext_smoove_skewy&quot;:{&quot;unit&quot;:&quot;px&quot;,&quot;size&quot;:0,&quot;sizes&quot;:[]},&quot;hoteller_ext_smoove_perspective&quot;:{&quot;unit&quot;:&quot;px&quot;,&quot;size&quot;:1000,&quot;sizes&quot;:[]},&quot;hoteller_ext_is_parallax_mouse&quot;:&quot;false&quot;,&quot;hoteller_ext_is_infinite&quot;:&quot;false&quot;,&quot;hoteller_ext_is_fadeout_animation&quot;:&quot;false&quot;,&quot;hoteller_ext_mobile_static&quot;:&quot;false&quot;}\">\n\t\t\t<div class=\"elementor-widget-wrap elementor-element-populated\">\n\t\t\t\t\t\t<div class=\"elementor-element elementor-element-f26d901 elementor-widget elementor-widget-heading\" data-id=\"f26d901\" data-element_type=\"widget\" data-settings=\"{&quot;hoteller_ext_link_sidemenu&quot;:&quot;false&quot;,&quot;hoteller_ext_link_fullmenu&quot;:&quot;false&quot;,&quot;hoteller_ext_link_closed_fullmenu&quot;:&quot;false&quot;,&quot;hoteller_ext_is_scrollme&quot;:&quot;false&quot;,&quot;hoteller_ext_is_smoove&quot;:&quot;false&quot;,&quot;hoteller_ext_is_parallax_mouse&quot;:&quot;false&quot;,&quot;hoteller_ext_is_infinite&quot;:&quot;false&quot;,&quot;hoteller_ext_is_fadeout_animation&quot;:&quot;false&quot;,&quot;hoteller_ext_mobile_static&quot;:&quot;false&quot;}\" data-widget_type=\"heading.default\">\n\t\t\t\t<div class=\"elementor-widget-container\">\n\t\t\t\t\t<h1 class=\"elementor-heading-title elementor-size-default\">Reservation<\/h1>\t\t\t\t<\/div>\n\t\t\t\t<\/div>\n\t\t\t\t\t<\/div>\n\t\t<\/div>\n\t\t\t\t\t<\/div>\n\t\t<\/section>\n\t\t\t\t<section class=\"elementor-section elementor-top-section elementor-element elementor-element-b7be849 elementor-reverse-mobile elementor-section-boxed elementor-section-height-default elementor-section-height-default\" data-id=\"b7be849\" data-element_type=\"section\" id=\"learn-more\" data-settings=\"{&quot;hoteller_ext_is_background_parallax&quot;:&quot;false&quot;,&quot;hoteller_ext_is_background_on_scroll&quot;:&quot;false&quot;}\">\n\t\t\t\t\t\t<div class=\"elementor-container elementor-column-gap-default\">\n\t\t\t\t\t<div class=\"elementor-column elementor-col-100 elementor-top-column elementor-element elementor-element-5f47db0\" data-id=\"5f47db0\" data-element_type=\"column\" data-settings=\"{&quot;hoteller_ext_link_sidemenu&quot;:&quot;false&quot;,&quot;hoteller_ext_link_fullmenu&quot;:&quot;false&quot;,&quot;hoteller_ext_link_closed_fullmenu&quot;:&quot;false&quot;,&quot;hoteller_ext_is_scrollme&quot;:&quot;false&quot;,&quot;hoteller_ext_is_smoove&quot;:&quot;false&quot;,&quot;hoteller_ext_is_parallax_mouse&quot;:&quot;false&quot;,&quot;hoteller_ext_is_infinite&quot;:&quot;false&quot;,&quot;hoteller_ext_is_fadeout_animation&quot;:&quot;false&quot;,&quot;hoteller_ext_mobile_static&quot;:&quot;false&quot;}\">\n\t\t\t<div class=\"elementor-widget-wrap elementor-element-populated\">\n\t\t\t\t\t\t<div class=\"elementor-element elementor-element-c38440f elementor-widget elementor-widget-html\" data-id=\"c38440f\" data-element_type=\"widget\" data-settings=\"{&quot;hoteller_ext_link_sidemenu&quot;:&quot;false&quot;,&quot;hoteller_ext_link_fullmenu&quot;:&quot;false&quot;,&quot;hoteller_ext_link_closed_fullmenu&quot;:&quot;false&quot;,&quot;hoteller_ext_is_scrollme&quot;:&quot;false&quot;,&quot;hoteller_ext_is_smoove&quot;:&quot;false&quot;,&quot;hoteller_ext_is_parallax_mouse&quot;:&quot;false&quot;,&quot;hoteller_ext_is_infinite&quot;:&quot;false&quot;,&quot;hoteller_ext_is_fadeout_animation&quot;:&quot;false&quot;,&quot;hoteller_ext_mobile_static&quot;:&quot;false&quot;}\" data-widget_type=\"html.default\">\n\t\t\t\t<div class=\"elementor-widget-container\">\n\t\t\t\t\t\t\t\t\t<\/div>\n\t\t\t\t<\/div>\n\t\t\t\t\t<\/div>\n\t\t<\/div>\n\t\t\t\t\t<\/div>\n\t\t<\/section>\n\t\t\t\t<\/div>","protected":false},"excerpt":{"rendered":"<p>Reservation<\/p>","protected":false},"author":1,"featured_media":1027,"parent":0,"menu_order":0,"comment_status":"closed","ping_status":"closed","template":"elementor_header_footer","meta":{"footnotes":""},"class_list":["post-1090","page","type-page","status-publish","has-post-thumbnail","hentry"],"yoast_head":"<!-- This site is optimized with the Yoast SEO plugin v24.2 - https:\/\/yoast.com\/wordpress\/plugins\/seo\/ -->\n<title>R\u00e9servation Appartement Cayenne Montjoly | Location Appartements Cayenne Montjoli<\/title>\n<meta name=\"description\" content=\"R\u00e9servation direct Kasentof location d&#039;appartement T3 et T3 bnb \u00e0 Cayenne Montjoly R\u00e9servation meilleur tarif\" \/>\n<meta name=\"robots\" content=\"index, follow, max-snippet:-1, max-image-preview:large, max-video-preview:-1\" \/>\n<link rel=\"canonical\" href=\"https:\/\/kasentof.fr\/en\/reservation-cayenne\/\" \/>\n<meta property=\"og:locale\" content=\"en_US\" \/>\n<meta property=\"og:type\" content=\"article\" \/>\n<meta property=\"og:title\" content=\"R\u00e9servation Appartement Cayenne Montjoly | Location Appartements Cayenne Montjoli\" \/>\n<meta property=\"og:description\" content=\"R\u00e9servation direct Kasentof location d&#039;appartement T3 et T3 bnb \u00e0 Cayenne Montjoly R\u00e9servation meilleur tarif\" \/>\n<meta property=\"og:url\" content=\"https:\/\/kasentof.fr\/en\/reservation-cayenne\/\" \/>\n<meta property=\"og:site_name\" content=\"Location Appartements Cayenne Montjoli\" \/>\n<meta property=\"article:modified_time\" content=\"2025-01-13T11:13:40+00:00\" \/>\n<meta property=\"og:image\" content=\"https:\/\/kasentof.fr\/wp-content\/uploads\/2024\/05\/location-appartement-cayenne-montjoly-kasentof-img_5499-3218a9b66cec77c453459efc7cd58d4b.jpg\" \/>\n\t<meta property=\"og:image:width\" content=\"2500\" \/>\n\t<meta property=\"og:image:height\" content=\"1875\" \/>\n\t<meta property=\"og:image:type\" content=\"image\/jpeg\" \/>\n<meta name=\"twitter:card\" content=\"summary_large_image\" \/>\n<meta name=\"twitter:label1\" content=\"Est. reading time\" \/>\n\t<meta name=\"twitter:data1\" content=\"1 minute\" \/>\n<script type=\"application\/ld+json\" class=\"yoast-schema-graph\">{\"@context\":\"https:\/\/schema.org\",\"@graph\":[{\"@type\":\"WebPage\",\"@id\":\"https:\/\/kasentof.fr\/reservation-cayenne\/\",\"url\":\"https:\/\/kasentof.fr\/reservation-cayenne\/\",\"name\":\"R\u00e9servation Appartement Cayenne Montjoly | Location Appartements Cayenne Montjoli\",\"isPartOf\":{\"@id\":\"https:\/\/kasentof.fr\/#website\"},\"primaryImageOfPage\":{\"@id\":\"https:\/\/kasentof.fr\/reservation-cayenne\/#primaryimage\"},\"image\":{\"@id\":\"https:\/\/kasentof.fr\/reservation-cayenne\/#primaryimage\"},\"thumbnailUrl\":\"https:\/\/kasentof.fr\/wp-content\/uploads\/2024\/05\/location-appartement-cayenne-montjoly-kasentof-img_5499-3218a9b66cec77c453459efc7cd58d4b.jpg\",\"datePublished\":\"2024-05-26T20:37:02+00:00\",\"dateModified\":\"2025-01-13T11:13:40+00:00\",\"description\":\"R\u00e9servation direct Kasentof location d'appartement T3 et T3 bnb \u00e0 Cayenne Montjoly R\u00e9servation meilleur tarif\",\"breadcrumb\":{\"@id\":\"https:\/\/kasentof.fr\/reservation-cayenne\/#breadcrumb\"},\"inLanguage\":\"en-US\",\"potentialAction\":[{\"@type\":\"ReadAction\",\"target\":[\"https:\/\/kasentof.fr\/reservation-cayenne\/\"]}]},{\"@type\":\"ImageObject\",\"inLanguage\":\"en-US\",\"@id\":\"https:\/\/kasentof.fr\/reservation-cayenne\/#primaryimage\",\"url\":\"https:\/\/kasentof.fr\/wp-content\/uploads\/2024\/05\/location-appartement-cayenne-montjoly-kasentof-img_5499-3218a9b66cec77c453459efc7cd58d4b.jpg\",\"contentUrl\":\"https:\/\/kasentof.fr\/wp-content\/uploads\/2024\/05\/location-appartement-cayenne-montjoly-kasentof-img_5499-3218a9b66cec77c453459efc7cd58d4b.jpg\",\"width\":2500,\"height\":1875},{\"@type\":\"BreadcrumbList\",\"@id\":\"https:\/\/kasentof.fr\/reservation-cayenne\/#breadcrumb\",\"itemListElement\":[{\"@type\":\"ListItem\",\"position\":1,\"name\":\"Accueil\",\"item\":\"https:\/\/kasentof.fr\/\"},{\"@type\":\"ListItem\",\"position\":2,\"name\":\"R\u00e9servation Appartement Cayenne Montjoly\"}]},{\"@type\":\"WebSite\",\"@id\":\"https:\/\/kasentof.fr\/#website\",\"url\":\"https:\/\/kasentof.fr\/\",\"name\":\"Location Appartements Cayenne Montjoli\",\"description\":\"\",\"potentialAction\":[{\"@type\":\"SearchAction\",\"target\":{\"@type\":\"EntryPoint\",\"urlTemplate\":\"https:\/\/kasentof.fr\/?s={search_term_string}\"},\"query-input\":{\"@type\":\"PropertyValueSpecification\",\"valueRequired\":true,\"valueName\":\"search_term_string\"}}],\"inLanguage\":\"en-US\"}]}<\/script>\n<!-- \/ Yoast SEO plugin. -->","yoast_head_json":{"title":"R\u00e9servation Appartement Cayenne Montjoly | Location Appartements Cayenne Montjoli","description":"R\u00e9servation direct Kasentof location d'appartement T3 et T3 bnb \u00e0 Cayenne Montjoly R\u00e9servation meilleur tarif","robots":{"index":"index","follow":"follow","max-snippet":"max-snippet:-1","max-image-preview":"max-image-preview:large","max-video-preview":"max-video-preview:-1"},"canonical":"https:\/\/kasentof.fr\/en\/reservation-cayenne\/","og_locale":"en_US","og_type":"article","og_title":"R\u00e9servation Appartement Cayenne Montjoly | Location Appartements Cayenne Montjoli","og_description":"R\u00e9servation direct Kasentof location d'appartement T3 et T3 bnb \u00e0 Cayenne Montjoly R\u00e9servation meilleur tarif","og_url":"https:\/\/kasentof.fr\/en\/reservation-cayenne\/","og_site_name":"Location Appartements Cayenne Montjoli","article_modified_time":"2025-01-13T11:13:40+00:00","og_image":[{"width":2500,"height":1875,"url":"https:\/\/kasentof.fr\/wp-content\/uploads\/2024\/05\/location-appartement-cayenne-montjoly-kasentof-img_5499-3218a9b66cec77c453459efc7cd58d4b.jpg","type":"image\/jpeg"}],"twitter_card":"summary_large_image","twitter_misc":{"Est. reading time":"1 minute"},"schema":{"@context":"https:\/\/schema.org","@graph":[{"@type":"WebPage","@id":"https:\/\/kasentof.fr\/reservation-cayenne\/","url":"https:\/\/kasentof.fr\/reservation-cayenne\/","name":"R\u00e9servation Appartement Cayenne Montjoly | Location Appartements Cayenne Montjoli","isPartOf":{"@id":"https:\/\/kasentof.fr\/#website"},"primaryImageOfPage":{"@id":"https:\/\/kasentof.fr\/reservation-cayenne\/#primaryimage"},"image":{"@id":"https:\/\/kasentof.fr\/reservation-cayenne\/#primaryimage"},"thumbnailUrl":"https:\/\/kasentof.fr\/wp-content\/uploads\/2024\/05\/location-appartement-cayenne-montjoly-kasentof-img_5499-3218a9b66cec77c453459efc7cd58d4b.jpg","datePublished":"2024-05-26T20:37:02+00:00","dateModified":"2025-01-13T11:13:40+00:00","description":"R\u00e9servation direct Kasentof location d'appartement T3 et T3 bnb \u00e0 Cayenne Montjoly R\u00e9servation meilleur tarif","breadcrumb":{"@id":"https:\/\/kasentof.fr\/reservation-cayenne\/#breadcrumb"},"inLanguage":"en-US","potentialAction":[{"@type":"ReadAction","target":["https:\/\/kasentof.fr\/reservation-cayenne\/"]}]},{"@type":"ImageObject","inLanguage":"en-US","@id":"https:\/\/kasentof.fr\/reservation-cayenne\/#primaryimage","url":"https:\/\/kasentof.fr\/wp-content\/uploads\/2024\/05\/location-appartement-cayenne-montjoly-kasentof-img_5499-3218a9b66cec77c453459efc7cd58d4b.jpg","contentUrl":"https:\/\/kasentof.fr\/wp-content\/uploads\/2024\/05\/location-appartement-cayenne-montjoly-kasentof-img_5499-3218a9b66cec77c453459efc7cd58d4b.jpg","width":2500,"height":1875},{"@type":"BreadcrumbList","@id":"https:\/\/kasentof.fr\/reservation-cayenne\/#breadcrumb","itemListElement":[{"@type":"ListItem","position":1,"name":"Accueil","item":"https:\/\/kasentof.fr\/"},{"@type":"ListItem","position":2,"name":"R\u00e9servation Appartement Cayenne Montjoly"}]},{"@type":"WebSite","@id":"https:\/\/kasentof.fr\/#website","url":"https:\/\/kasentof.fr\/","name":"Location Appartements Cayenne Montjoli","description":"","potentialAction":[{"@type":"SearchAction","target":{"@type":"EntryPoint","urlTemplate":"https:\/\/kasentof.fr\/?s={search_term_string}"},"query-input":{"@type":"PropertyValueSpecification","valueRequired":true,"valueName":"search_term_string"}}],"inLanguage":"en-US"}]}},"_links":{"self":[{"href":"https:\/\/kasentof.fr\/en\/wp-json\/wp\/v2\/pages\/1090","targetHints":{"allow":["GET"]}}],"collection":[{"href":"https:\/\/kasentof.fr\/en\/wp-json\/wp\/v2\/pages"}],"about":[{"href":"https:\/\/kasentof.fr\/en\/wp-json\/wp\/v2\/types\/page"}],"author":[{"embeddable":true,"href":"https:\/\/kasentof.fr\/en\/wp-json\/wp\/v2\/users\/1"}],"replies":[{"embeddable":true,"href":"https:\/\/kasentof.fr\/en\/wp-json\/wp\/v2\/comments?post=1090"}],"version-history":[{"count":0,"href":"https:\/\/kasentof.fr\/en\/wp-json\/wp\/v2\/pages\/1090\/revisions"}],"wp:featuredmedia":[{"embeddable":true,"href":"https:\/\/kasentof.fr\/en\/wp-json\/wp\/v2\/media\/1027"}],"wp:attachment":[{"href":"https:\/\/kasentof.fr\/en\/wp-json\/wp\/v2\/media?parent=1090"}],"curies":[{"name":"wp","href":"https:\/\/api.w.org\/{rel}","templated":true}]}}